{"id":9,"date":"2024-02-15T11:35:13","date_gmt":"2024-02-15T11:35:13","guid":{"rendered":"https:\/\/dqualityweb.com\/?page_id=9"},"modified":"2024-02-16T07:27:37","modified_gmt":"2024-02-16T07:27:37","slug":"about","status":"publish","type":"page","link":"https:\/\/dqualityweb.com\/index.php\/about\/","title":{"rendered":"Sobre Nosotros"},"content":{"rendered":"\n<h2 class=\"wp-block-heading has-large-font-size\" id=\"inspiro-is-a-digital-product-agency-that-focuses-on-strategy-and-design\" style=\"font-style:normal;font-weight:100\"><strong>Un camino de mas de 30 a\u00f1os de experiencia<\/strong><\/h2>\n\n\n\n<div style=\"height:100px\" aria-hidden=\"true\" class=\"wp-block-spacer\"><\/div>\n\n\n\n<div class=\"wp-block-columns alignwide is-layout-flex wp-container-core-columns-layout-1 wp-block-columns-is-layout-flex\">\n<div class=\"wp-block-column is-layout-flow wp-block-column-is-layout-flow\">\n<p class=\"has-black-color has-text-color has-medium-font-size\"><a href=\"#\">Nuestro equipo<\/a><\/p>\n\n\n\n<p class=\"has-text-color\" style=\"color:#7a7a7a\">Nuestro equipo, experto y dedicado, trabaja en armon\u00eda para ofrecer resultados excepcionales en cada proyecto. Con pasi\u00f3n y compromiso, superamos tus expectativas con creatividad y atenci\u00f3n al detalle. Conf\u00eda en nosotros para hacer realidad tus sue\u00f1os de construcci\u00f3n.<\/p>\n<\/div>\n\n\n\n<div class=\"wp-block-column is-layout-flow wp-block-column-is-layout-flow\">\n<figure class=\"wp-block-image size-large\"><img fetchpriority=\"high\" decoding=\"async\" width=\"1024\" height=\"686\" src=\"https:\/\/dqualityweb.com\/wp-content\/uploads\/2024\/02\/1694104031162-1024x686.png\" alt=\"\" class=\"wp-image-63\" srcset=\"https:\/\/dqualityweb.com\/wp-content\/uploads\/2024\/02\/1694104031162-1024x686.png 1024w, https:\/\/dqualityweb.com\/wp-content\/uploads\/2024\/02\/1694104031162-300x201.png 300w, https:\/\/dqualityweb.com\/wp-content\/uploads\/2024\/02\/1694104031162.png 1074w\" sizes=\"(max-width: 1024px) 100vw, 1024px\" \/><\/figure>\n\n\n\n<p class=\"has-black-color has-text-color has-medium-font-size\"><a href=\"#\">Nuestra filosofia<\/a><\/p>\n\n\n\n<p class=\"has-text-color\" style=\"color:#7a7a7a\">Nuestra filosof\u00eda de empresa se basa en la excelencia, la innovaci\u00f3n y el compromiso con nuestros clientes. Nos esforzamos por superar las expectativas en cada proyecto, brindando soluciones creativas, calidad impecable y un servicio excepcional en todas nuestras interacciones. Creemos en la transparencia, la integridad y el trabajo en equipo, cultivando relaciones duraderas con nuestros clientes, colaboradores y comunidades donde operamos. <\/p>\n<\/div>\n\n\n\n<div class=\"wp-block-column is-layout-flow wp-block-column-is-layout-flow\">\n<p class=\"has-black-color has-text-color has-medium-font-size\"><a href=\"#\">Nuestros servicios<\/a><\/p>\n\n\n\n<p class=\"has-text-color\" style=\"color:#7a7a7a\">Nuestros servicios abarcan todas las etapas de construcci\u00f3n, desde el dise\u00f1o inicial hasta la entrega final del proyecto. Nos especializamos en la construcci\u00f3n de viviendas, edificaciones comerciales, instalaci\u00f3n de piscinas y reformas. Adem\u00e1s, ofrecemos soluciones personalizadas, garantizando calidad y satisfacci\u00f3n en cada proyecto.<\/p>\n<\/div>\n<\/div>\n\n\n\n<h3 class=\"wp-block-heading has-large-font-size\" id=\"inspiro-is-a-digital-product-agency-that-focuses-on-strategy-and-desig\" style=\"font-weight:300\">Showreel<\/h3>\n\n\n\n<figure class=\"wp-block-video aligncenter\"><video controls src=\"https:\/\/dqualityweb.com\/wp-content\/uploads\/2024\/02\/WhatsApp-Video-2024-02-08-at-21.00.27.mp4\"><\/video><\/figure>\n\n\n\n<div style=\"height:100px\" aria-hidden=\"true\" class=\"wp-block-spacer\"><\/div>\n\n\n\n<figure class=\"wp-block-image size-full\"><img decoding=\"async\" width=\"831\" height=\"356\" src=\"https:\/\/dqualityweb.com\/wp-content\/uploads\/2024\/02\/fg-1.png\" alt=\"\" class=\"wp-image-61\" srcset=\"https:\/\/dqualityweb.com\/wp-content\/uploads\/2024\/02\/fg-1.png 831w, https:\/\/dqualityweb.com\/wp-content\/uploads\/2024\/02\/fg-1-300x129.png 300w\" sizes=\"(max-width: 831px) 100vw, 831px\" \/><\/figure>\n","protected":false},"excerpt":{"rendered":"<p>Un camino de mas de 30 a\u00f1os de experiencia Nuestro equipo Nuestro equipo, experto y dedicado, trabaja en armon\u00eda para ofrecer resultados excepcionales en cada proyecto. Con pasi\u00f3n y compromiso, superamos tus expectativas con creatividad y atenci\u00f3n al detalle. Conf\u00eda en nosotros para hacer realidad tus sue\u00f1os de construcci\u00f3n. Nuestra filosofia Nuestra filosof\u00eda de empresa &hellip; <\/p>\n<p class=\"link-more\"><a href=\"https:\/\/dqualityweb.com\/index.php\/about\/\" class=\"more-link\">Leer m\u00e1s<span class=\"screen-reader-text\"> \u00abSobre Nosotros\u00bb<\/span><\/a><\/p>\n","protected":false},"author":1,"featured_media":6,"parent":0,"menu_order":0,"comment_status":"closed","ping_status":"closed","template":"","meta":{"footnotes":""},"aioseo_notices":[],"_links":{"self":[{"href":"https:\/\/dqualityweb.com\/index.php\/wp-json\/wp\/v2\/pages\/9"}],"collection":[{"href":"https:\/\/dqualityweb.com\/index.php\/wp-json\/wp\/v2\/pages"}],"about":[{"href":"https:\/\/dqualityweb.com\/index.php\/wp-json\/wp\/v2\/types\/page"}],"author":[{"embeddable":true,"href":"https:\/\/dqualityweb.com\/index.php\/wp-json\/wp\/v2\/users\/1"}],"replies":[{"embeddable":true,"href":"https:\/\/dqualityweb.com\/index.php\/wp-json\/wp\/v2\/comments?post=9"}],"version-history":[{"count":5,"href":"https:\/\/dqualityweb.com\/index.php\/wp-json\/wp\/v2\/pages\/9\/revisions"}],"predecessor-version":[{"id":89,"href":"https:\/\/dqualityweb.com\/index.php\/wp-json\/wp\/v2\/pages\/9\/revisions\/89"}],"wp:featuredmedia":[{"embeddable":true,"href":"https:\/\/dqualityweb.com\/index.php\/wp-json\/wp\/v2\/media\/6"}],"wp:attachment":[{"href":"https:\/\/dqualityweb.com\/index.php\/wp-json\/wp\/v2\/media?parent=9"}],"curies":[{"name":"wp","href":"https:\/\/api.w.org\/{rel}","templated":true}]}}