{"id":10,"date":"2024-02-15T11:35:13","date_gmt":"2024-02-15T11:35:13","guid":{"rendered":"https:\/\/dqualityweb.com\/?page_id=10"},"modified":"2024-03-06T09:20:54","modified_gmt":"2024-03-06T09:20:54","slug":"contact-2","status":"publish","type":"page","link":"https:\/\/dqualityweb.com\/index.php\/contact-2\/","title":{"rendered":"Contacto"},"content":{"rendered":"\t\t<div data-elementor-type=\"wp-page\" data-elementor-id=\"10\" class=\"elementor elementor-10\">\n\t\t\t\t<div class=\"elementor-element elementor-element-690be8b4 e-flex e-con-boxed e-con e-parent\" data-id=\"690be8b4\" data-element_type=\"container\" data-settings=\"{&quot;content_width&quot;:&quot;boxed&quot;}\" data-core-v316-plus=\"true\">\n\t\t\t\t\t<div class=\"e-con-inner\">\n\t\t\t\t<div class=\"elementor-element elementor-element-33c7418b elementor-widget elementor-widget-text-editor\" data-id=\"33c7418b\" data-element_type=\"widget\" data-widget_type=\"text-editor.default\">\n\t\t\t\t<div class=\"elementor-widget-container\">\n\t\t\t<style>\/*! elementor - v3.19.0 - 28-02-2024 *\/\n.elementor-widget-text-editor.elementor-drop-cap-view-stacked .elementor-drop-cap{background-color:#69727d;color:#fff}.elementor-widget-text-editor.elementor-drop-cap-view-framed .elementor-drop-cap{color:#69727d;border:3px solid;background-color:transparent}.elementor-widget-text-editor:not(.elementor-drop-cap-view-default) .elementor-drop-cap{margin-top:8px}.elementor-widget-text-editor:not(.elementor-drop-cap-view-default) .elementor-drop-cap-letter{width:1em;height:1em}.elementor-widget-text-editor .elementor-drop-cap{float:left;text-align:center;line-height:1;font-size:50px}.elementor-widget-text-editor .elementor-drop-cap-letter{display:inline-block}<\/style>\t\t\t\t<p><!-- wp:spacer {\"height\":\"156px\"} --><\/p>\n<div style=\"height:156px\" aria-hidden=\"true\" class=\"wp-block-spacer\"><\/div>\n<p><!-- \/wp:spacer --><\/p>\n<p><!-- wp:group {\"layout\":{\"type\":\"constrained\"}} --><\/p>\n<div class=\"wp-block-group\"><p><!-- wp:columns {\"verticalAlignment\":\"top\",\"style\":{\"spacing\":{\"padding\":{\"top\":\"0\",\"right\":\"0\",\"bottom\":\"0\",\"left\":\"0\"}}}} --><\/p>\n<div class=\"wp-block-columns are-vertically-aligned-top\" style=\"padding-top:0;padding-right:0;padding-bottom:0;padding-left:0\"><p><!-- wp:column {\"verticalAlignment\":\"top\",\"width\":\"50%\",\"style\":{\"spacing\":{\"padding\":{\"right\":\"7%\"}}},\"layout\":{\"type\":\"default\"}} --><\/p>\n<div class=\"wp-block-column is-vertically-aligned-top\" style=\"padding-right:7%;flex-basis:50%\"><p><!-- wp:heading {\"fontSize\":\"large\"} --><\/p>\n<h2 class=\"wp-block-heading has-large-font-size\">\u00bfListo para comenzar tu pr\u00f3ximo proyecto?<\/h2>\n<p><!-- \/wp:heading --><\/p>\n<p><!-- wp:paragraph --><\/p>\n<p>\u00a1Cont\u00e1ctanos hoy mismo y deja que hagamos realidad tu pr\u00f3xima gran idea de construcci\u00f3n!<\/p>\n<p><!-- \/wp:paragraph --><\/p><\/div>\n<p><!-- \/wp:column --><\/p>\n<p><!-- wp:column {\"verticalAlignment\":\"top\",\"width\":\"50%\",\"layout\":{\"type\":\"default\"}} --><\/p>\n<div class=\"wp-block-column is-vertically-aligned-top\" style=\"flex-basis:50%\"><!-- wp:wpzoom-forms\/form-block {\"formId\":\"21\"} \/--><\/div>\n<p><!-- \/wp:column --><\/p><\/div>\n<p><!-- \/wp:columns --><\/p>\n<p><!-- wp:spacer {\"height\":\"135px\"} --><\/p>\n<div style=\"height:135px\" aria-hidden=\"true\" class=\"wp-block-spacer\"><\/div>\n<p><!-- \/wp:spacer --><\/p><\/div>\n<p><!-- \/wp:group --><\/p>\n<p><!-- wp:group {\"align\":\"full\",\"style\":{\"spacing\":{\"blockGap\":\"0\"}},\"layout\":{\"type\":\"constrained\"}} --><\/p>\n<div class=\"wp-block-group alignfull\"><p><!-- wp:columns {\"verticalAlignment\":\"center\",\"align\":\"full\",\"style\":{\"spacing\":{\"padding\":{\"top\":\"0\",\"right\":\"0\",\"bottom\":\"0\",\"left\":\"0\"},\"blockGap\":{\"top\":\"0\",\"left\":\"var:preset|spacing|x-small\"}}},\"backgroundColor\":\"light-background\"} --><\/p>\n<div class=\"wp-block-columns alignfull are-vertically-aligned-center has-light-background-background-color has-background\" style=\"padding-top:0;padding-right:0;padding-bottom:0;padding-left:0\"><p><!-- wp:column {\"verticalAlignment\":\"center\",\"width\":\"50%\",\"className\":\"map-grayscale\",\"layout\":{\"type\":\"default\"}} --><\/p>\n<div class=\"wp-block-column is-vertically-aligned-center map-grayscale\" style=\"flex-basis:50%\"><p><!-- wp:image {\"id\":51,\"sizeSlug\":\"large\",\"linkDestination\":\"none\"} --><\/p>\n<figure class=\"wp-block-image size-large\"><img fetchpriority=\"high\" decoding=\"async\" width=\"1024\" height=\"674\" src=\"https:\/\/dqualityweb.com\/wp-content\/uploads\/2024\/02\/sit-1024x674.jpg\" alt=\"\" class=\"wp-image-51\" srcset=\"https:\/\/dqualityweb.com\/wp-content\/uploads\/2024\/02\/sit-1024x674.jpg 1024w, https:\/\/dqualityweb.com\/wp-content\/uploads\/2024\/02\/sit-300x198.jpg 300w, https:\/\/dqualityweb.com\/wp-content\/uploads\/2024\/02\/sit.jpg 1127w\" sizes=\"(max-width: 1024px) 100vw, 1024px\" \/><\/figure>\n<p><!-- \/wp:image --><\/p><\/div>\n<p><!-- \/wp:column --><\/p>\n<p><!-- wp:column {\"verticalAlignment\":\"center\",\"width\":\"50%\",\"style\":{\"spacing\":{\"padding\":{\"top\":\"var:preset|spacing|small\",\"bottom\":\"var:preset|spacing|small\",\"right\":\"var:preset|spacing|small\",\"left\":\"2%\"}}},\"layout\":{\"type\":\"default\"}} --><\/p>\n<div class=\"wp-block-column is-vertically-aligned-center\" style=\"padding-top:var(--wp--preset--spacing--small);padding-right:var(--wp--preset--spacing--small);padding-bottom:var(--wp--preset--spacing--small);padding-left:2%;flex-basis:50%\"><p><!-- wp:heading {\"level\":3,\"fontSize\":\"large\"} --><\/p>\n<h3 class=\"wp-block-heading has-large-font-size\">Dquality<\/h3>\n<p><!-- \/wp:heading --><\/p>\n<p><!-- wp:paragraph --><\/p>\n<p><!-- \/wp:paragraph --><\/p>\n<p><!-- wp:heading {\"level\":3} --><\/p>\n<h3 class=\"wp-block-heading\">Direcci\u00f3n<\/h3>\n<p><!-- \/wp:heading --><\/p>\n<p><!-- wp:paragraph --><\/p>\n<p>Avd. Luxemburgo, 2, 1\u00aa Planta, Oficina 1.4&nbsp; &nbsp; &nbsp; &nbsp; &nbsp; &nbsp; &nbsp; &nbsp; &nbsp; &nbsp; &nbsp; &nbsp; &nbsp; &nbsp; &nbsp; &nbsp; &nbsp; &nbsp; Centro Empresarial Cartagena Plaza<br>Pol\u00edgono Ind. Cabezo Baeza, 30353 Cartagena, Murcia (Espa\u00f1a)<\/p>\n<p><!-- \/wp:paragraph --><\/p>\n<p><!-- wp:heading {\"level\":3} --><\/p>\n<h3 class=\"wp-block-heading\"><strong>Email<\/strong><\/h3>\n<p><!-- \/wp:heading --><\/p>\n<p><!-- wp:paragraph --><\/p>\n<p>info@dqualityweb.com<\/p>\n<p><!-- \/wp:paragraph --><\/p>\n<p><!-- wp:heading {\"level\":3} --><\/p>\n<h3 class=\"wp-block-heading\">Tel\u00e9fono de contacto<\/h3>\n<p><!-- \/wp:heading --><\/p>\n<p><!-- wp:paragraph --><\/p>\n<p><a href=\"tel:610383766284\">+34 669993226<\/a><\/p>\n<p><!-- \/wp:paragraph --><\/p><\/div>\n<p><!-- \/wp:column --><\/p><\/div>\n<p><!-- \/wp:columns --><\/p><\/div>\n<p><!-- \/wp:group --><\/p>\n<p><!-- wp:group {\"align\":\"full\",\"style\":{\"color\":{\"background\":\"#f9f9f9\"}},\"layout\":{\"type\":\"constrained\"}} --><\/p>\n<div class=\"wp-block-group alignfull has-background\" style=\"background-color:#f9f9f9\"><p><!-- wp:group {\"layout\":{\"type\":\"default\"}} --><\/p>\n<div class=\"wp-block-group\"><p><!-- wp:spacer {\"height\":\"69px\"} --><\/p>\n<div style=\"height:69px\" aria-hidden=\"true\" class=\"wp-block-spacer\"><\/div>\n<p><!-- \/wp:spacer --><\/p>\n<p><!-- wp:columns --><\/p>\n<div class=\"wp-block-columns\"><p><!-- wp:column --><\/p>\n<div class=\"wp-block-column\"><p><!-- wp:paragraph {\"align\":\"left\",\"style\":{\"color\":{\"text\":\"#0bb4aa\"}}} --><\/p>\n<p class=\"has-text-align-left has-text-color\" style=\"color:#0bb4aa\">WHERE ARE WE LOCATED<\/p>\n<p><!-- \/wp:paragraph --><\/p>\n<p><!-- wp:heading {\"textAlign\":\"left\",\"fontSize\":\"large\"} --><\/p>\n<h2 class=\"wp-block-heading has-text-align-left has-large-font-size\">Our Locations<\/h2>\n<p><!-- \/wp:heading --><\/p>\n<p><!-- wp:columns --><\/p>\n<div class=\"wp-block-columns\"><p><!-- wp:column --><\/p>\n<div class=\"wp-block-column\"><p><!-- wp:paragraph {\"style\":{\"typography\":{\"lineHeight\":\"2.5\"}}} --><\/p>\n<p style=\"line-height:2.5\">Murcia <br><br><br><\/p>\n<p><!-- \/wp:paragraph --><\/p><\/div>\n<p><!-- \/wp:column --><\/p>\n<p><!-- wp:column --><\/p>\n<div class=\"wp-block-column\"><p><!-- wp:paragraph {\"style\":{\"typography\":{\"lineHeight\":\"2.5\"}}} --><\/p>\n<p style=\"line-height:2.5\">Spain<br><\/p>\n<p><!-- \/wp:paragraph --><\/p><\/div>\n<p><!-- \/wp:column --><\/p><\/div>\n<p><!-- \/wp:columns --><\/p><\/div>\n<p><!-- \/wp:column --><\/p>\n<p><!-- wp:column --><\/p>\n<div class=\"wp-block-column\"><p><!-- wp:image {\"id\":5640,\"sizeSlug\":\"large\",\"linkDestination\":\"none\",\"style\":{\"color\":{\"duotone\":[\"#101010\",\"#ffffff\"]}}} --><\/p>\n<figure class=\"wp-block-image size-large\"><img decoding=\"async\" src=\"https:\/\/dqualityweb.com\/wp-content\/themes\/inspiro\/assets\/images\/map.png\" alt=\"\" class=\"wp-image-5640\"><\/figure>\n<p><!-- \/wp:image --><\/p><\/div>\n<p><!-- \/wp:column --><\/p><\/div>\n<p><!-- \/wp:columns --><\/p>\n<p><!-- wp:spacer {\"height\":\"52px\"} --><\/p>\n<div style=\"height:52px\" aria-hidden=\"true\" class=\"wp-block-spacer\"><\/div>\n<p><!-- \/wp:spacer --><\/p><\/div>\n<p><!-- \/wp:group --><\/p><\/div>\n<p><!-- \/wp:group --><\/p>\t\t\t\t\t\t<\/div>\n\t\t\t\t<\/div>\n\t\t\t\t\t<\/div>\n\t\t\t\t<\/div>\n\t\t\t\t<\/div>\n\t\t","protected":false},"excerpt":{"rendered":"<p>\u00bfListo para comenzar tu pr\u00f3ximo proyecto? \u00a1Cont\u00e1ctanos hoy mismo y deja que hagamos realidad tu pr\u00f3xima gran idea de construcci\u00f3n! Dquality Direcci\u00f3n Avd. Luxemburgo, 2, 1\u00aa Planta, Oficina 1.4&nbsp; &nbsp; &nbsp; &nbsp; &nbsp; &nbsp; &nbsp; &nbsp; &nbsp; &nbsp; &nbsp; &nbsp; &nbsp; &nbsp; &nbsp; &nbsp; &nbsp; &nbsp; Centro Empresarial Cartagena PlazaPol\u00edgono Ind. Cabezo Baeza, 30353 Cartagena, &hellip; <\/p>\n<p class=\"link-more\"><a href=\"https:\/\/dqualityweb.com\/index.php\/contact-2\/\" class=\"more-link\">Leer m\u00e1s<span class=\"screen-reader-text\"> \u00abContacto\u00bb<\/span><\/a><\/p>\n","protected":false},"author":1,"featured_media":7,"parent":0,"menu_order":0,"comment_status":"closed","ping_status":"closed","template":"","meta":{"footnotes":""},"aioseo_notices":[],"_links":{"self":[{"href":"https:\/\/dqualityweb.com\/index.php\/wp-json\/wp\/v2\/pages\/10"}],"collection":[{"href":"https:\/\/dqualityweb.com\/index.php\/wp-json\/wp\/v2\/pages"}],"about":[{"href":"https:\/\/dqualityweb.com\/index.php\/wp-json\/wp\/v2\/types\/page"}],"author":[{"embeddable":true,"href":"https:\/\/dqualityweb.com\/index.php\/wp-json\/wp\/v2\/users\/1"}],"replies":[{"embeddable":true,"href":"https:\/\/dqualityweb.com\/index.php\/wp-json\/wp\/v2\/comments?post=10"}],"version-history":[{"count":8,"href":"https:\/\/dqualityweb.com\/index.php\/wp-json\/wp\/v2\/pages\/10\/revisions"}],"predecessor-version":[{"id":127,"href":"https:\/\/dqualityweb.com\/index.php\/wp-json\/wp\/v2\/pages\/10\/revisions\/127"}],"wp:featuredmedia":[{"embeddable":true,"href":"https:\/\/dqualityweb.com\/index.php\/wp-json\/wp\/v2\/media\/7"}],"wp:attachment":[{"href":"https:\/\/dqualityweb.com\/index.php\/wp-json\/wp\/v2\/media?parent=10"}],"curies":[{"name":"wp","href":"https:\/\/api.w.org\/{rel}","templated":true}]}}